{"id":12172,"date":"2020-10-06T18:27:13","date_gmt":"2020-10-06T16:27:13","guid":{"rendered":"https:\/\/www.frantoioschepis.com\/?page_id=12172"},"modified":"2020-10-08T17:10:00","modified_gmt":"2020-10-08T15:10:00","slug":"azienda","status":"publish","type":"page","link":"https:\/\/www.frantoioschepis.com\/?page_id=12172","title":{"rendered":"Azienda"},"content":{"rendered":"\t\t<div data-elementor-type=\"wp-post\" data-elementor-id=\"12172\" class=\"elementor elementor-12172\">\n\t\t\t\t\t\t<section class=\"elementor-section elementor-top-section elementor-element elementor-element-1913e337 elementor-section-stretched elementor-section-full_width elementor-section-height-min-height elementor-section-items-stretch elementor-section-height-default\" data-id=\"1913e337\" data-element_type=\"section\" id=\"home\" data-settings=\"{&quot;stretch_section&quot;:&quot;section-stretched&quot;,&quot;background_background&quot;:&quot;classic&quot;,&quot;shape_divider_bottom&quot;:&quot;curve&quot;,&quot;shape_divider_bottom_negative&quot;:&quot;yes&quot;}\">\n\t\t\t\t\t\t\t<div class=\"elementor-background-overlay\"><\/div>\n\t\t\t\t\t\t<div class=\"elementor-shape elementor-shape-bottom\" aria-hidden=\"true\" data-negative=\"true\">\n\t\t\t<svg xmlns=\"http:\/\/www.w3.org\/2000\/svg\" viewBox=\"0 0 1000 100\" preserveAspectRatio=\"none\">\n\t<path class=\"elementor-shape-fill\" d=\"M500,97C126.7,96.3,0.8,19.8,0,0v100l1000,0V1C1000,19.4,873.3,97.8,500,97z\"\/>\n<\/svg>\t\t<\/div>\n\t\t\t\t\t<div class=\"elementor-container elementor-column-gap-no\">\n\t\t\t\t\t<div class=\"elementor-column elementor-col-100 elementor-top-column elementor-element elementor-element-2d47ebd7 animated-slow elementor-invisible\" data-id=\"2d47ebd7\" data-element_type=\"column\" data-settings=\"{&quot;animation&quot;:&quot;fadeIn&quot;,&quot;animation_delay&quot;:500}\">\n\t\t\t<div class=\"elementor-widget-wrap elementor-element-populated\">\n\t\t\t\t\t\t<div class=\"elementor-element elementor-element-33691483 elementor-widget elementor-widget-writing-effect-headline\" data-id=\"33691483\" data-element_type=\"widget\" data-widget_type=\"writing-effect-headline.default\">\n\t\t\t\t<div class=\"elementor-widget-container\">\n\t\t\t\t\t\t\t<h3 class=\"a13ree-written-headline\" data-speed=\"10\" data-loop=\"0\">\r\n\t\t\t\r\n\t\t\t            <span class=\"written-lines elementor-screen-only\">azienda<\/span>\r\n\t\t\t\r\n\t\t\t\t\t<\/h3>\r\n\t\t\t\t\t\t<\/div>\n\t\t\t\t<\/div>\n\t\t\t\t\t<\/div>\n\t\t<\/div>\n\t\t\t\t\t<\/div>\n\t\t<\/section>\n\t\t\t\t<section class=\"elementor-section elementor-top-section elementor-element elementor-element-5e6bd128 elementor-section-boxed elementor-section-height-default elementor-section-height-default\" data-id=\"5e6bd128\" data-element_type=\"section\">\n\t\t\t\t\t\t<div class=\"elementor-container elementor-column-gap-no\">\n\t\t\t\t\t<div class=\"elementor-column elementor-col-100 elementor-top-column elementor-element elementor-element-65eb556c\" data-id=\"65eb556c\" data-element_type=\"column\">\n\t\t\t<div class=\"elementor-widget-wrap elementor-element-populated\">\n\t\t\t\t\t\t<div class=\"elementor-element elementor-element-285f4c elementor-widget elementor-widget-image\" data-id=\"285f4c\" data-element_type=\"widget\" data-widget_type=\"image.default\">\n\t\t\t\t<div class=\"elementor-widget-container\">\n\t\t\t\t\t\t\t\t\t\t\t\t\t\t\t\t<a href=\"#contatti\">\n\t\t\t\t\t\t\t<img decoding=\"async\" width=\"297\" height=\"35\" src=\"https:\/\/www.frantoioschepis.com\/wp-content\/uploads\/2019\/02\/lander-downBTN.png\" class=\"attachment-full size-full wp-image-12108\" alt=\"\" \/>\t\t\t\t\t\t\t\t<\/a>\n\t\t\t\t\t\t\t\t\t\t\t\t\t\t\t<\/div>\n\t\t\t\t<\/div>\n\t\t\t\t\t<\/div>\n\t\t<\/div>\n\t\t\t\t\t<\/div>\n\t\t<\/section>\n\t\t\t\t<section class=\"elementor-section elementor-top-section elementor-element elementor-element-7be6aeab elementor-section-full_width elementor-section-height-default elementor-section-height-default\" data-id=\"7be6aeab\" data-element_type=\"section\">\n\t\t\t\t\t\t<div class=\"elementor-container elementor-column-gap-no\">\n\t\t\t\t\t<div class=\"elementor-column elementor-col-100 elementor-top-column elementor-element elementor-element-42763b80\" data-id=\"42763b80\" data-element_type=\"column\">\n\t\t\t<div class=\"elementor-widget-wrap elementor-element-populated\">\n\t\t\t\t\t\t<div class=\"elementor-element elementor-element-7d8e21ff elementor-widget elementor-widget-text-editor\" data-id=\"7d8e21ff\" data-element_type=\"widget\" data-widget_type=\"text-editor.default\">\n\t\t\t\t<div class=\"elementor-widget-container\">\n\t\t\t\t\t\t\t\t\t<p style=\"text-align: justify;\">L&#8217;<strong>Azienda Schepis<\/strong> si trova a <strong>Gualtieri Sicamin\u00f2<\/strong>, un piccolo centro collinare situato nella zona nord-orientale della <strong>Sicilia<\/strong>.<\/p>\n<p style=\"text-align: justify;\">Da sempre vocato all&#8217;agricoltura, Gualtieri si \u00e8 sempre distinto per la produzione di un <strong>olio<\/strong> di <strong>altissima<\/strong> <strong>qualit\u00e0<\/strong> e dal <strong>gusto<\/strong> <strong>morbido<\/strong> e <strong>piacevole<\/strong>.<\/p>\n<p style=\"text-align: justify;\">Sviluppatasi in un contesto storico feudale, l&#8217;agricoltura nel comune durante il corso dei secoli ha sempre avuto come suo fiore all&#8217;occhiello la coltivazione degli ulivi. La grande abbondanza di frutti prodotti ha fatto in modo che fossero numerosi negli anni passati i frantoi presenti sul territorio.<\/p>\n<p style=\"text-align: justify;\">Oggi il nostro \u00e8 l&#8217;unico ancora presente a Gualtieri Sicamin\u00f2 ed \u00e8 anche l&#8217;<strong>unico<\/strong>\u00a0 in tutto l&#8217;hinterland ad utilizzare un <strong>metodo di lavoro<\/strong> <strong>antico<\/strong>: <span style=\"text-align: justify;\"><strong>tradizionale con lavorazione e separazione completamente a freddo<\/strong>.<\/span><\/p>\n<p style=\"text-align: left;\">La <strong>Famiglia Schepis<\/strong> da generazioni si occupa della coltivazione e della trasformazione dell\u2019ulivo, un lavoro svolto con assoluta <strong>dedizione<\/strong>, <strong>amore<\/strong> e <strong>professionalit\u00e0<\/strong>.<\/p>\n<p style=\"text-align: justify;\"><i>Ancora oggi<\/i>, come nel <strong>1954<\/strong> quando <strong>Giuseppe Schepis<\/strong> rilev\u00f2 il frantoio, amiamo operare lontano da logiche industriali, <strong>produciamo<\/strong> l&#8217;olio in modo <strong>artigianale<\/strong> dove il <strong>fattore umano<\/strong> \u00e8 ancora <strong>determinante<\/strong> ed <strong>essenziale<\/strong>.<\/p>\n<p style=\"text-align: justify;\">Dal 1995 l&#8217;azienda \u00e8 gestita dal figlio <strong>Mario<\/strong> cresciuto nel frantoio accanto al padre e dal quale ha ricevuto la passione e l\u2019amore e\u00a0 per questa attivit\u00e0: <i>ancora oggi<\/i> il Frantoio Schepis <strong>produce<\/strong>\u00a0con orgoglio l&#8217;<strong>olio come una volta<\/strong>&#8230;<\/p>\t\t\t\t\t\t\t\t<\/div>\n\t\t\t\t<\/div>\n\t\t\t\t<div class=\"elementor-element elementor-element-74f9d85 elementor-blockquote--skin-border elementor-blockquote--button-color-official elementor-widget elementor-widget-blockquote\" data-id=\"74f9d85\" data-element_type=\"widget\" data-widget_type=\"blockquote.default\">\n\t\t\t\t<div class=\"elementor-widget-container\">\n\t\t\t\t\t\t\t<blockquote class=\"elementor-blockquote\">\n\t\t\t<p class=\"elementor-blockquote__content\">\n\t\t\t\tl\u2019olio non e\u2019 soltanto un alimento ma rappresenta la storia, la tradizione e la genuinit\u00e0 di un paese.\t\t\t<\/p>\n\t\t\t\t\t\t\t<div class=\"e-q-footer\">\n\t\t\t\t\t\t\t\t\t\t\t<cite class=\"elementor-blockquote__author\">Mario Giuseppe Schepis<\/cite>\n\t\t\t\t\t\t\t\t\t\t\t\t\t\t<\/div>\n\t\t\t\t\t<\/blockquote>\n\t\t\t\t\t\t<\/div>\n\t\t\t\t<\/div>\n\t\t\t\t\t<\/div>\n\t\t<\/div>\n\t\t\t\t\t<\/div>\n\t\t<\/section>\n\t\t\t\t<section class=\"elementor-section elementor-top-section elementor-element elementor-element-432ff66f elementor-section-stretched elementor-section-full_width elementor-section-height-min-height elementor-section-height-default elementor-section-items-middle\" data-id=\"432ff66f\" data-element_type=\"section\" data-settings=\"{&quot;stretch_section&quot;:&quot;section-stretched&quot;}\">\n\t\t\t\t\t\t<div class=\"elementor-container elementor-column-gap-no\">\n\t\t\t\t\t<div class=\"elementor-column elementor-col-100 elementor-top-column elementor-element elementor-element-432e00c6\" data-id=\"432e00c6\" data-element_type=\"column\">\n\t\t\t<div class=\"elementor-widget-wrap\">\n\t\t\t\t\t\t\t<\/div>\n\t\t<\/div>\n\t\t\t\t\t<\/div>\n\t\t<\/section>\n\t\t\t\t<\/div>\n\t\t","protected":false},"excerpt":{"rendered":"<p>azienda L&#8217;Azienda Schepis si trova a Gualtieri Sicamin\u00f2, un piccolo&hellip;<\/p>\n<p> <a class=\"more-link\" href=\"https:\/\/www.frantoioschepis.com\/?page_id=12172\">Leggi tutto<\/a><\/p>\n","protected":false},"author":1,"featured_media":1,"parent":0,"menu_order":0,"comment_status":"closed","ping_status":"closed","template":"","meta":{"footnotes":""},"class_list":["post-12172","page","type-page","status-publish","has-post-thumbnail"],"_links":{"self":[{"href":"https:\/\/www.frantoioschepis.com\/index.php?rest_route=\/wp\/v2\/pages\/12172","targetHints":{"allow":["GET"]}}],"collection":[{"href":"https:\/\/www.frantoioschepis.com\/index.php?rest_route=\/wp\/v2\/pages"}],"about":[{"href":"https:\/\/www.frantoioschepis.com\/index.php?rest_route=\/wp\/v2\/types\/page"}],"author":[{"embeddable":true,"href":"https:\/\/www.frantoioschepis.com\/index.php?rest_route=\/wp\/v2\/users\/1"}],"replies":[{"embeddable":true,"href":"https:\/\/www.frantoioschepis.com\/index.php?rest_route=%2Fwp%2Fv2%2Fcomments&post=12172"}],"version-history":[{"count":11,"href":"https:\/\/www.frantoioschepis.com\/index.php?rest_route=\/wp\/v2\/pages\/12172\/revisions"}],"predecessor-version":[{"id":12336,"href":"https:\/\/www.frantoioschepis.com\/index.php?rest_route=\/wp\/v2\/pages\/12172\/revisions\/12336"}],"wp:featuredmedia":[{"embeddable":true,"href":"https:\/\/www.frantoioschepis.com\/index.php?rest_route=\/"}],"wp:attachment":[{"href":"https:\/\/www.frantoioschepis.com\/index.php?rest_route=%2Fwp%2Fv2%2Fmedia&parent=12172"}],"curies":[{"name":"wp","href":"https:\/\/api.w.org\/{rel}","templated":true}]}}